{"id":861,"date":"2025-09-05T14:54:33","date_gmt":"2025-09-05T14:54:33","guid":{"rendered":"https:\/\/preview.artax.ch\/index.php\/why-choose-me\/"},"modified":"2026-01-18T15:19:59","modified_gmt":"2026-01-18T14:19:59","slug":"fmh","status":"publish","type":"page","link":"https:\/\/www.artax.ch\/en\/start\/fmh\/","title":{"rendered":"Services for Medical Professionals"},"content":{"rendered":"<p><strong>artax Fide Consult AG offers in collaboration with&nbsp;<a href=\"http:\/\/www.fmhservices.ch\/\" target=\"_blank\" rel=\"noreferrer noopener\">FMH Services Genossenschaft<\/a>&nbsp;special services to the needs and wishes of doctors, clinics, therapy centers and medical institutes.<\/strong><\/p>\n\n\n\n<figure class=\"wp-block-image size-full is-resized\"><a href=\"http:\/\/www.fmhservices.ch\/\" target=\"_blank\" rel=\" noreferrer noopener\"><img loading=\"lazy\" decoding=\"async\" width=\"1548\" height=\"322\" src=\"https:\/\/www.artax.ch\/wp-content\/uploads\/2025\/10\/Logo_FMH_Services_RGB.png\" alt=\"Logo FMH Services RGB\" class=\"wp-image-1745\" style=\"width:500px\" title=\"Services for Medical Professionals\" srcset=\"https:\/\/www.artax.ch\/wp-content\/uploads\/2025\/10\/Logo_FMH_Services_RGB.png 1548w, https:\/\/www.artax.ch\/wp-content\/uploads\/2025\/10\/Logo_FMH_Services_RGB-300x62.png 300w, https:\/\/www.artax.ch\/wp-content\/uploads\/2025\/10\/Logo_FMH_Services_RGB-1024x213.png 1024w, https:\/\/www.artax.ch\/wp-content\/uploads\/2025\/10\/Logo_FMH_Services_RGB-768x160.png 768w, https:\/\/www.artax.ch\/wp-content\/uploads\/2025\/10\/Logo_FMH_Services_RGB-1536x320.png 1536w, https:\/\/www.artax.ch\/wp-content\/uploads\/2025\/10\/Logo_FMH_Services_RGB-18x4.png 18w\" sizes=\"auto, (max-width: 1548px) 100vw, 1548px\" \/><\/a><\/figure>\n\n\n\n<div style=\"height:10px\" aria-hidden=\"true\" class=\"wp-block-spacer\"><\/div>\n\n\n\n<figure class=\"wp-block-image size-full is-resized\"><a href=\"http:\/\/www.fmhservices.ch\/\" target=\"_blank\" rel=\" noreferrer noopener\"><img loading=\"lazy\" decoding=\"async\" width=\"234\" height=\"33\" src=\"https:\/\/www.artax.ch\/wp-content\/uploads\/2025\/10\/Topline_Treuhand.png\" alt=\"Topline Treuhand\" class=\"wp-image-1746\" style=\"width:180px\" title=\"Services for Medical Professionals\" srcset=\"https:\/\/www.artax.ch\/wp-content\/uploads\/2025\/10\/Topline_Treuhand.png 234w, https:\/\/www.artax.ch\/wp-content\/uploads\/2025\/10\/Topline_Treuhand-18x3.png 18w\" sizes=\"auto, (max-width: 234px) 100vw, 234px\" \/><\/a><\/figure>\n\n\n\n<p>We offer individual services in trust, finances, taxes, management consultancy and legal advice at minimum cost. If you are looking for an appropriate real estate for your own practice, you have  labour-law questions or you need support with your wage accounting we are gladly at your disposal.<\/p>\n\n\n\n<p>Our additional services especially for doctors and medical institutes:<\/p>\n\n\n\n<ul class=\"wp-block-list\">\n<li>Comprehensive advice for the opening or taking over of a practice<\/li>\n\n\n\n<li>Preparation of a business plan<\/li>\n\n\n\n<li>Support with your financial negotiations<\/li>\n\n\n\n<li>Outsourcing of your personnel administration to us<\/li>\n\n\n\n<li>Support with your practice administration<\/li>\n<\/ul>\n\n\n\n<div style=\"height:30px\" aria-hidden=\"true\" class=\"wp-block-spacer\"><\/div>\n\n\n\n<hr class=\"wp-block-separator has-alpha-channel-opacity is-style-wide\"\/>\n\n\n\n<div style=\"height:5px\" aria-hidden=\"true\" class=\"wp-block-spacer\"><\/div>\n\n\n\n<p><em>artax Fide Consult AG is a legally and economically independent consulting company recommended by the FMH Services cooperation.<\/em><\/p>\n\n\n\n<h2 class=\"wp-block-heading\">You contacts regarding services for medical professionals<\/h2>\n\n\n\n<div class=\"wp-block-columns is-layout-flex wp-container-core-columns-is-layout-9d6595d7 wp-block-columns-is-layout-flex\">\n<div class=\"wp-block-column is-layout-flow wp-block-column-is-layout-flow\" style=\"flex-basis:150px\">\n<figure class=\"wp-block-image size-full\"><img loading=\"lazy\" decoding=\"async\" width=\"100\" height=\"133\" src=\"https:\/\/www.artax.ch\/wp-content\/uploads\/2025\/09\/image-FE.png\" alt=\"image fe\" class=\"wp-image-1076\" title=\"Services for Medical Professionals\" srcset=\"https:\/\/www.artax.ch\/wp-content\/uploads\/2025\/09\/image-FE.png 100w, https:\/\/www.artax.ch\/wp-content\/uploads\/2025\/09\/image-FE-9x12.png 9w\" sizes=\"auto, (max-width: 100px) 100vw, 100px\" \/><\/figure>\n<\/div>\n\n\n\n<div class=\"wp-block-column is-layout-flow wp-block-column-is-layout-flow\">\n<h3 class=\"wp-block-heading\">Fabian Egger<\/h3>\n\n\n\n<p>Certified Fiduciary Expert<br>Licensed Auditor RAB<br>Phone: <a href=\"tel:41612256666\">+41 61 225 66 66<\/a><\/p>\n<\/div>\n<\/div>\n\n\n\n<div class=\"wp-block-columns is-layout-flex wp-container-core-columns-is-layout-9d6595d7 wp-block-columns-is-layout-flex\">\n<div class=\"wp-block-column is-layout-flow wp-block-column-is-layout-flow\" style=\"flex-basis:150px\">\n<figure class=\"wp-block-image size-full\"><img loading=\"lazy\" decoding=\"async\" width=\"100\" height=\"133\" src=\"https:\/\/www.artax.ch\/wp-content\/uploads\/2025\/09\/image-UF.png\" alt=\"image uf\" class=\"wp-image-1074\" title=\"Services for Medical Professionals\" srcset=\"https:\/\/www.artax.ch\/wp-content\/uploads\/2025\/09\/image-UF.png 100w, https:\/\/www.artax.ch\/wp-content\/uploads\/2025\/09\/image-UF-9x12.png 9w\" sizes=\"auto, (max-width: 100px) 100vw, 100px\" \/><\/figure>\n<\/div>\n\n\n\n<div class=\"wp-block-column is-layout-flow wp-block-column-is-layout-flow\">\n<h3 class=\"wp-block-heading\">Urs Fischer<\/h3>\n\n\n\n<p>lic.rer.pol.<br>Fiduciary \/ VAT Specialist STS<br>Licensed Auditor RAB<br>Phone: <a href=\"tel:41612256666\">+41 61 225 66 66<\/a><\/p>\n<\/div>\n<\/div>\n\n\n\n<div style=\"height:90px\" aria-hidden=\"true\" class=\"wp-block-spacer\"><\/div>","protected":false},"excerpt":{"rendered":"<p>Die artax Fide Consult AG erbringt in Zusammenarbeit mit der&nbsp;FMH Services Genossenschaft&nbsp;speziell auf die Bed\u00fcrfnisse und W\u00fcnsche von \u00c4rzten, Kliniken, Therapiezentren und medizinischen Institutionen ausgerichtete Dienstleistungen. In den Bereichen Treuhand, Finanzen, Steuern, Unternehmens- und Rechtsberatung bieten wir Ihnen individuelle und kostenoptimierte Dienstleistungen an. Suchen Sie eine geeignete Liegenschaft f\u00fcr Ihre eigene Praxis, haben Sie arbeitsrechtliche&#8230;<\/p>","protected":false},"author":1,"featured_media":0,"parent":858,"menu_order":5,"comment_status":"closed","ping_status":"closed","template":"","meta":{"_kad_blocks_custom_css":"","_kad_blocks_head_custom_js":"","_kad_blocks_body_custom_js":"","_kad_blocks_footer_custom_js":"","_kad_post_transparent":"","_kad_post_title":"","_kad_post_layout":"","_kad_post_sidebar_id":"","_kad_post_content_style":"","_kad_post_vertical_padding":"","_kad_post_feature":"","_kad_post_feature_position":"","_kad_post_header":false,"_kad_post_footer":false,"_kad_post_classname":"","iawp_total_views":15,"footnotes":""},"class_list":["post-861","page","type-page","status-publish","hentry"],"taxonomy_info":[],"featured_image_src_large":false,"author_info":{"display_name":"Isabell Buttron","author_link":"https:\/\/www.artax.ch\/en\/author\/artax2punkt0\/"},"comment_info":0,"_links":{"self":[{"href":"https:\/\/www.artax.ch\/en\/wp-json\/wp\/v2\/pages\/861","targetHints":{"allow":["GET"]}}],"collection":[{"href":"https:\/\/www.artax.ch\/en\/wp-json\/wp\/v2\/pages"}],"about":[{"href":"https:\/\/www.artax.ch\/en\/wp-json\/wp\/v2\/types\/page"}],"author":[{"embeddable":true,"href":"https:\/\/www.artax.ch\/en\/wp-json\/wp\/v2\/users\/1"}],"replies":[{"embeddable":true,"href":"https:\/\/www.artax.ch\/en\/wp-json\/wp\/v2\/comments?post=861"}],"version-history":[{"count":19,"href":"https:\/\/www.artax.ch\/en\/wp-json\/wp\/v2\/pages\/861\/revisions"}],"predecessor-version":[{"id":2028,"href":"https:\/\/www.artax.ch\/en\/wp-json\/wp\/v2\/pages\/861\/revisions\/2028"}],"up":[{"embeddable":true,"href":"https:\/\/www.artax.ch\/en\/wp-json\/wp\/v2\/pages\/858"}],"wp:attachment":[{"href":"https:\/\/www.artax.ch\/en\/wp-json\/wp\/v2\/media?parent=861"}],"curies":[{"name":"wp","href":"https:\/\/api.w.org\/{rel}","templated":true}]}}