{"id":1698,"date":"2025-10-11T17:39:00","date_gmt":"2025-10-11T15:39:00","guid":{"rendered":"https:\/\/preview.artax.ch\/?page_id=1698"},"modified":"2026-01-30T08:35:22","modified_gmt":"2026-01-30T07:35:22","slug":"grenzueberschreitende-zusammenarbeit","status":"publish","type":"page","link":"https:\/\/www.artax.ch\/en\/start\/grenzueberschreitende-zusammenarbeit\/","title":{"rendered":"Cross-Border Collaboration"},"content":{"rendered":"<p>Particularly in the Basel region, with its proximity to Germany and France, cross-border matters are part of everyday business\u2014whether relating to taxes, salaries and social security contributions, or foreign subsidiaries. In order to provide you with comprehensive advice and support in this area as well, we maintain long-standing and close partnerships across national borders. Through regular exchanges, we remain well informed about the key requirements in the respective countries and are able to address your concerns together in a highly targeted and effective manner.<\/p>\n\n\n\n<div class=\"wp-block-columns is-layout-flex wp-container-core-columns-is-layout-9d6595d7 wp-block-columns-is-layout-flex\">\n<div class=\"wp-block-column is-layout-flow wp-block-column-is-layout-flow\">\n<h2 class=\"wp-block-heading\">Partner Germany<\/h2>\n\n\n\n<p>RIEDLINGER Partnerschaftsges. mbB<br>Kart\u00e4userstrasse 61a<br>79104 Freiburg<br>Deutschland<\/p>\n\n\n\n<p><a href=\"https:\/\/riedlinger-partner.de\/en\" target=\"_blank\" rel=\"noreferrer noopener\">Website RIEDLINGER Partnerschaftsges. mbB<\/a><\/p>\n<\/div>\n\n\n\n<div class=\"wp-block-column is-layout-flow wp-block-column-is-layout-flow\">\n<h2 class=\"wp-block-heading\">Partner France<\/h2>\n\n\n\n<p>Groupe FIBA<br>9 crois\u00e9e des Lys<br>68300 Saint-Louis<br>Frankreich<\/p>\n\n\n\n<p><a href=\"https:\/\/www.groupe-fiba.fr\/nos-bureaux\/haut-rhin\/saint-louis\/\" target=\"_blank\" rel=\"noreferrer noopener\">Website Groupe FIBA<\/a><\/p>\n<\/div>\n<\/div>\n\n\n\n<h2 class=\"wp-block-heading\">Global<\/h2>\n\n\n\n<p>For all other countries we exclusively collaborate with our <a href=\"https:\/\/www.artax.ch\/en\/start\/morison-global\/\" data-type=\"page\" data-id=\"1109\">partners from Morison Global<\/a>.<\/p>\n\n\n\n<figure class=\"wp-block-image size-full is-resized\"><a href=\"https:\/\/www.artax.ch\/en\/start\/morison-global\/\"><img decoding=\"async\" src=\"https:\/\/www.artax.ch\/wp-content\/uploads\/2025\/09\/independent-member-Morison-Global-Logo_CMYK.svg\" alt=\"independent member morison global logo cmyk\" class=\"wp-image-997\" style=\"width:500px\" title=\"Cross-Border Collaboration\"><\/a><\/figure>\n\n\n\n<div style=\"height:90px\" aria-hidden=\"true\" class=\"wp-block-spacer\"><\/div>","protected":false},"excerpt":{"rendered":"<p>Gerade in der Region Basel mit ihrer N\u00e4he zu Deutschland und Frankreich sind grenz\u00fcberschreitende Sachverhalte an der Tagesordnung, egal ob es um Steuern, L\u00f6hne und Sozialversicherungen oder um ausl\u00e4ndische Tochtergesellschaften geht. Damit wir Sie auch hier umfassend beraten und unterst\u00fctzen k\u00f6nnen, pflegen wir langj\u00e4hrige und intensive Partnerschaften \u00fcber die Grenze hinweg. Durch einen regelm\u00e4ssigen Austausch&#8230;<\/p>","protected":false},"author":1,"featured_media":0,"parent":858,"menu_order":31,"comment_status":"closed","ping_status":"closed","template":"","meta":{"_kad_blocks_custom_css":"","_kad_blocks_head_custom_js":"","_kad_blocks_body_custom_js":"","_kad_blocks_footer_custom_js":"","_kad_post_transparent":"","_kad_post_title":"","_kad_post_layout":"","_kad_post_sidebar_id":"","_kad_post_content_style":"","_kad_post_vertical_padding":"","_kad_post_feature":"","_kad_post_feature_position":"","_kad_post_header":false,"_kad_post_footer":false,"_kad_post_classname":"","iawp_total_views":11,"footnotes":""},"class_list":["post-1698","page","type-page","status-publish","hentry"],"taxonomy_info":[],"featured_image_src_large":false,"author_info":{"display_name":"Isabell Buttron","author_link":"https:\/\/www.artax.ch\/en\/author\/artax2punkt0\/"},"comment_info":0,"_links":{"self":[{"href":"https:\/\/www.artax.ch\/en\/wp-json\/wp\/v2\/pages\/1698","targetHints":{"allow":["GET"]}}],"collection":[{"href":"https:\/\/www.artax.ch\/en\/wp-json\/wp\/v2\/pages"}],"about":[{"href":"https:\/\/www.artax.ch\/en\/wp-json\/wp\/v2\/types\/page"}],"author":[{"embeddable":true,"href":"https:\/\/www.artax.ch\/en\/wp-json\/wp\/v2\/users\/1"}],"replies":[{"embeddable":true,"href":"https:\/\/www.artax.ch\/en\/wp-json\/wp\/v2\/comments?post=1698"}],"version-history":[{"count":13,"href":"https:\/\/www.artax.ch\/en\/wp-json\/wp\/v2\/pages\/1698\/revisions"}],"predecessor-version":[{"id":2108,"href":"https:\/\/www.artax.ch\/en\/wp-json\/wp\/v2\/pages\/1698\/revisions\/2108"}],"up":[{"embeddable":true,"href":"https:\/\/www.artax.ch\/en\/wp-json\/wp\/v2\/pages\/858"}],"wp:attachment":[{"href":"https:\/\/www.artax.ch\/en\/wp-json\/wp\/v2\/media?parent=1698"}],"curies":[{"name":"wp","href":"https:\/\/api.w.org\/{rel}","templated":true}]}}