{"id":1677,"date":"2025-09-30T19:21:07","date_gmt":"2025-09-30T17:21:07","guid":{"rendered":"https:\/\/preview.artax.ch\/?page_id=1677"},"modified":"2026-03-29T12:25:27","modified_gmt":"2026-03-29T10:25:27","slug":"exekutivmandate","status":"publish","type":"page","link":"https:\/\/www.artax.ch\/en\/start\/exekutivmandate\/","title":{"rendered":"Executive Mandates"},"content":{"rendered":"<p>A successful board member is characterized, among other things, by his ability to contribute both professional and leadership skills, but also by personal and human qualities.<\/p>\n\n\n\n<p>There are various good reasons to rely on external support for your company management. Perhaps as an entrepreneur you have your customers, markets and products fully under control, but you lack experience in complex financial and legal topics. Or you value the outside view of an independent and external specialist. Or you are a foreign company setting up a Swiss subsidiary and need a local person of trust to represent your interests in that company. In this context, the legal requirement that at least one member of the highest governing body of every Swiss company must be resident in Switzerland is also important.<\/p>\n\n\n\n<p>The following artax associates hold executive mandates:<\/p>\n\n\n\n<ul class=\"wp-block-list\">\n<li><strong>Urs Fischer<\/strong>: <a href=\"https:\/\/www.artax.ch\/wp-content\/uploads\/2026\/03\/VRmandateUF_e.pdf\" data-type=\"attachment\" data-id=\"2170\" target=\"_blank\" rel=\"noreferrer noopener\">Executive Mandates<\/a><\/li>\n\n\n\n<li><strong>Fabian Egger<\/strong>: <a href=\"https:\/\/www.artax.ch\/wp-content\/uploads\/2026\/03\/VRmandateFE_e.pdf\" data-type=\"attachment\" data-id=\"2184\" target=\"_blank\" rel=\"noreferrer noopener\">Executive Mandates<\/a><\/li>\n\n\n\n<li><strong>Bernhard Mad\u00f6rin<\/strong>: <a href=\"https:\/\/www.artax.ch\/wp-content\/uploads\/2026\/03\/VRmandateBM_e.pdf\" data-type=\"attachment\" data-id=\"2179\" target=\"_blank\" rel=\"noreferrer noopener\">Executive Mandates<\/a> (not accepting any new positions)<\/li>\n<\/ul>\n\n\n\n<p>Executive mandates are always carried out personally and require us to get to know you and your company in depth beforehand. Please contact us.<\/p>\n\n\n\n<h2 class=\"wp-block-heading\">Your contacts regarding executive mandates<\/h2>\n\n\n\n<div class=\"wp-block-columns is-layout-flex wp-container-core-columns-is-layout-9d6595d7 wp-block-columns-is-layout-flex\">\n<div class=\"wp-block-column is-layout-flow wp-block-column-is-layout-flow\" style=\"flex-basis:150px\">\n<figure class=\"wp-block-image size-full\"><img loading=\"lazy\" decoding=\"async\" width=\"100\" height=\"133\" src=\"https:\/\/www.artax.ch\/wp-content\/uploads\/2025\/09\/image-UF.png\" alt=\"image uf\" class=\"wp-image-1074\" title=\"Executive Mandates\" srcset=\"https:\/\/www.artax.ch\/wp-content\/uploads\/2025\/09\/image-UF.png 100w, https:\/\/www.artax.ch\/wp-content\/uploads\/2025\/09\/image-UF-9x12.png 9w\" sizes=\"auto, (max-width: 100px) 100vw, 100px\" \/><\/figure>\n<\/div>\n\n\n\n<div class=\"wp-block-column is-layout-flow wp-block-column-is-layout-flow\">\n<h3 class=\"wp-block-heading\">Urs Fischer<\/h3>\n\n\n\n<p>lic.rer.pol.<br>Fiduciary \/ VAT Specialist STS<br>Licensed Auditor RAB<br>Phone: <a href=\"tel:41612256666\">+41 61 225 66 66<\/a><\/p>\n<\/div>\n<\/div>\n\n\n\n<div class=\"wp-block-columns is-layout-flex wp-container-core-columns-is-layout-9d6595d7 wp-block-columns-is-layout-flex\">\n<div class=\"wp-block-column is-layout-flow wp-block-column-is-layout-flow\" style=\"flex-basis:150px\">\n<figure class=\"wp-block-image size-full\"><img loading=\"lazy\" decoding=\"async\" width=\"100\" height=\"133\" src=\"https:\/\/www.artax.ch\/wp-content\/uploads\/2025\/09\/image-FE.png\" alt=\"image fe\" class=\"wp-image-1076\" title=\"Executive Mandates\" srcset=\"https:\/\/www.artax.ch\/wp-content\/uploads\/2025\/09\/image-FE.png 100w, https:\/\/www.artax.ch\/wp-content\/uploads\/2025\/09\/image-FE-9x12.png 9w\" sizes=\"auto, (max-width: 100px) 100vw, 100px\" \/><\/figure>\n<\/div>\n\n\n\n<div class=\"wp-block-column is-layout-flow wp-block-column-is-layout-flow\">\n<h3 class=\"wp-block-heading\">Fabian Egger<\/h3>\n\n\n\n<p>Certified Fiduciary Expert<br>Licensed Auditor RAB<br>Phone: <a href=\"tel:41612256666\">+41 61 225 66 66<\/a><\/p>\n<\/div>\n<\/div>\n\n\n\n<div style=\"height:90px\" aria-hidden=\"true\" class=\"wp-block-spacer\"><\/div>","protected":false},"excerpt":{"rendered":"<p>Einen erfolgreichen Verwaltungsrat zeichnet unter anderem aus, dass er seine fachlichen F\u00e4higkeiten einzubringen vermag, F\u00fchrungsqualit\u00e4t aufweist, aber auch seine menschlichen Eigenschaften und pers\u00f6nlichen Kompetenzen einfliessen l\u00e4sst. Es gibt verschiedene gute Gr\u00fcnde, f\u00fcr Ihre Unternehmensf\u00fchrung auf externe Unterst\u00fctzung zur\u00fcckzugreifen. Vielleicht haben Sie als Unternehmer Ihre Kunden, M\u00e4rkte und Produkte voll im Griff, aber Ihnen fehlt Erfahrung&#8230;<\/p>","protected":false},"author":1,"featured_media":0,"parent":858,"menu_order":6,"comment_status":"closed","ping_status":"closed","template":"","meta":{"_kad_blocks_custom_css":"","_kad_blocks_head_custom_js":"","_kad_blocks_body_custom_js":"","_kad_blocks_footer_custom_js":"","_kad_post_transparent":"","_kad_post_title":"","_kad_post_layout":"","_kad_post_sidebar_id":"","_kad_post_content_style":"","_kad_post_vertical_padding":"","_kad_post_feature":"","_kad_post_feature_position":"","_kad_post_header":false,"_kad_post_footer":false,"_kad_post_classname":"","iawp_total_views":20,"footnotes":""},"class_list":["post-1677","page","type-page","status-publish","hentry"],"taxonomy_info":[],"featured_image_src_large":false,"author_info":{"display_name":"Isabell Buttron","author_link":"https:\/\/www.artax.ch\/en\/author\/artax2punkt0\/"},"comment_info":0,"_links":{"self":[{"href":"https:\/\/www.artax.ch\/en\/wp-json\/wp\/v2\/pages\/1677","targetHints":{"allow":["GET"]}}],"collection":[{"href":"https:\/\/www.artax.ch\/en\/wp-json\/wp\/v2\/pages"}],"about":[{"href":"https:\/\/www.artax.ch\/en\/wp-json\/wp\/v2\/types\/page"}],"author":[{"embeddable":true,"href":"https:\/\/www.artax.ch\/en\/wp-json\/wp\/v2\/users\/1"}],"replies":[{"embeddable":true,"href":"https:\/\/www.artax.ch\/en\/wp-json\/wp\/v2\/comments?post=1677"}],"version-history":[{"count":23,"href":"https:\/\/www.artax.ch\/en\/wp-json\/wp\/v2\/pages\/1677\/revisions"}],"predecessor-version":[{"id":2186,"href":"https:\/\/www.artax.ch\/en\/wp-json\/wp\/v2\/pages\/1677\/revisions\/2186"}],"up":[{"embeddable":true,"href":"https:\/\/www.artax.ch\/en\/wp-json\/wp\/v2\/pages\/858"}],"wp:attachment":[{"href":"https:\/\/www.artax.ch\/en\/wp-json\/wp\/v2\/media?parent=1677"}],"curies":[{"name":"wp","href":"https:\/\/api.w.org\/{rel}","templated":true}]}}