{"id":1105,"date":"2025-09-15T15:51:49","date_gmt":"2025-09-15T13:51:49","guid":{"rendered":"https:\/\/preview.artax.ch\/?page_id=1105"},"modified":"2026-03-29T15:56:42","modified_gmt":"2026-03-29T13:56:42","slug":"unternehmensberatung-rechtsberatung","status":"publish","type":"page","link":"https:\/\/www.artax.ch\/en\/start\/unternehmensberatung-rechtsberatung\/","title":{"rendered":"Consulting and Legal Advisory"},"content":{"rendered":"<h2 class=\"wp-block-heading\">Consulting<\/h2>\n\n\n\n<p>We support your business through every stage of its development. During the startup phase, we help your company establish a solid legal and financial foundation. As your business matures, we bring the necessary perspective and experience to review and optimize your strategies, structures, and processes. If you are considering restructuring your business or addressing succession planning, we can also support you in these areas. In doing so, we focus on finding pragmatic solutions tailored to the needs of small and medium-sized enterprises (SMEs). Our consulting services cover topics such as:<\/p>\n\n\n\n<h3 class=\"wp-block-heading\">Start-up and expansion<\/h3>\n\n\n\n<ul class=\"wp-block-list\">\n<li>Development of business and financing plans<\/li>\n\n\n\n<li>Support for loan applications and negotiations<\/li>\n\n\n\n<li>Business valuation<\/li>\n<\/ul>\n\n\n\n<h3 class=\"wp-block-heading\">Day-to-day operations<\/h3>\n\n\n\n<ul class=\"wp-block-list\">\n<li>Financial planning and budgeting<\/li>\n\n\n\n<li>Liquidity planning and management<\/li>\n\n\n\n<li>Internal control system and risk management<\/li>\n\n\n\n<li>Analysis and optimization of profitability<\/li>\n\n\n\n<li>Independent advice on key personnel decisions<\/li>\n<\/ul>\n\n\n\n<h3 class=\"wp-block-heading\">Restructuring and specialized topics<\/h3>\n\n\n\n<ul class=\"wp-block-list\">\n<li>Employee stock ownership plans, especially also for smaller companies<\/li>\n\n\n\n<li>Succession planning and succession arrangements<\/li>\n\n\n\n<li>Development and implementation of restructuring measures<\/li>\n\n\n\n<li>Optimization and simplification of group structures<\/li>\n\n\n\n<li>Purchase and sale of companies or business units<\/li>\n\n\n\n<li>Liquidation of companies<\/li>\n<\/ul>\n\n\n\n<p><span class=\"wp-rich-text-font-awesome-icon wp-font-awesome-icon\"><svg aria-hidden=\"true\" focusable=\"false\" data-prefix=\"fas\" data-icon=\"scale-balanced\" class=\"svg-inline--fa fa-scale-balanced\" role=\"img\" xmlns=\"http:\/\/www.w3.org\/2000\/svg\" viewbox=\"0 0 640 512\"><path fill=\"currentColor\" d=\"M384 32l128 0c17.7 0 32 14.3 32 32s-14.3 32-32 32L398.4 96c-5.2 25.8-22.9 47.1-46.4 57.3l0 294.7 160 0c17.7 0 32 14.3 32 32s-14.3 32-32 32l-384 0c-17.7 0-32-14.3-32-32s14.3-32 32-32l160 0 0-294.7c-23.5-10.3-41.2-31.6-46.4-57.3L128 96c-17.7 0-32-14.3-32-32s14.3-32 32-32l128 0c14.6-19.4 37.8-32 64-32s49.4 12.6 64 32zm55.6 288L584.4 320 512 195.8 439.6 320zM512 416c-62.9 0-115.2-34-126-78.9-2.6-11 1-22.3 6.7-32.1l95.2-163.2c5-8.6 14.2-13.8 24.1-13.8s19.1 5.3 24.1 13.8l95.2 163.2c5.7 9.8 9.3 21.1 6.7 32.1-10.8 44.8-63.1 78.9-126 78.9zM126.8 195.8L54.4 320 199.3 320 126.8 195.8zM.9 337.1c-2.6-11 1-22.3 6.7-32.1l95.2-163.2c5-8.6 14.2-13.8 24.1-13.8s19.1 5.3 24.1 13.8l95.2 163.2c5.7 9.8 9.3 21.1 6.7 32.1-10.8 44.8-63.1 78.9-126 78.9S11.7 382 .9 337.1z\"><\/path><\/svg><\/span> <a href=\"https:\/\/www.artax.ch\/wp-content\/uploads\/2025\/10\/AG_GmbH.pdf\" data-type=\"attachment\" data-id=\"1736\" target=\"_blank\" rel=\"noreferrer noopener\">Comparison of the legal forms AG and GmbH (This document is only available in German)<\/a><\/p>\n\n\n\n<h2 class=\"wp-block-heading\">Legal advisory<\/h2>\n\n\n\n<p>As a fiduciary, we are well-versed in many areas of business law and can advise and assist you in these matters. We take a holistic approach and always keep tax and economic considerations in mind. Our legal advisory services cover topics such as: <\/p>\n\n\n\n<h3 class=\"wp-block-heading\">For businesses<\/h3>\n\n\n\n<ul class=\"wp-block-list\">\n<li><strong>Labor law<\/strong>: Employment contracts, work permits, personnel and expense policies, advisory on conflicts with employees<\/li>\n\n\n\n<li><strong>Corporate law<\/strong>: Company formations, mergers, restructurings, share sales, commercial register filings, share register administration<\/li>\n\n\n\n<li><strong>General contract law<\/strong>: Preparation of, for example, loan, purchase, or lease agreements, and shareholder agreements<\/li>\n<\/ul>\n\n\n\n<h3 class=\"wp-block-heading\">For individuals<\/h3>\n\n\n\n<ul class=\"wp-block-list\">\n<li><strong>Inheritance law<\/strong>: Advisory on wills and inheritance agreements, estate planning, estate administration and estate distributions. Upon agreement, we also accept executor mandates.<\/li>\n\n\n\n<li><strong>Advance care planning<\/strong>: Advisory on advance care directives and patient wills<\/li>\n\n\n\n<li><strong>Real estate<\/strong>: Assistance with purchase and sale transactions, and mortgage financing<\/li>\n<\/ul>\n\n\n\n<p>We are not attorneys and therefore we act solely in an advisory capacity. However, we have long-standing partnerships with renowned law firms and notary offices and can connect you with the right professionals as needed.<\/p>\n\n\n\n<h2 class=\"wp-block-heading\">Your contact for consulting and legal advice<\/h2>\n\n\n\n<div class=\"wp-block-columns is-layout-flex wp-container-core-columns-is-layout-9d6595d7 wp-block-columns-is-layout-flex\">\n<div class=\"wp-block-column is-layout-flow wp-block-column-is-layout-flow\" style=\"flex-basis:150px\">\n<figure class=\"wp-block-image size-full\"><img loading=\"lazy\" decoding=\"async\" width=\"100\" height=\"133\" src=\"https:\/\/www.artax.ch\/wp-content\/uploads\/2025\/09\/image-UF.png\" alt=\"image uf\" class=\"wp-image-1074\" title=\"Consulting and Legal Advisory\" srcset=\"https:\/\/www.artax.ch\/wp-content\/uploads\/2025\/09\/image-UF.png 100w, https:\/\/www.artax.ch\/wp-content\/uploads\/2025\/09\/image-UF-9x12.png 9w\" sizes=\"auto, (max-width: 100px) 100vw, 100px\" \/><\/figure>\n<\/div>\n\n\n\n<div class=\"wp-block-column is-layout-flow wp-block-column-is-layout-flow\">\n<h3 class=\"wp-block-heading\">Urs Fischer<\/h3>\n\n\n\n<p>lic.rer.pol.<br>Fiduciary \/ VAT Specialist STS<br>Licensed Auditor RAB<br>Phone: <a href=\"tel:41612256666\">+41 61 225 66 66<\/a><\/p>\n<\/div>\n<\/div>\n\n\n\n<div style=\"height:90px\" aria-hidden=\"true\" class=\"wp-block-spacer\"><\/div>","protected":false},"excerpt":{"rendered":"<p>Unternehmensberatung Wir begleiten ihr Unternehmen durch alle Lebensabschnitte. In der Gr\u00fcndungsphase verhelfen wir Ihrem Betrieb zu einem stabilen rechtlichen und finanziellen Fundament. Im sp\u00e4teren Gesch\u00e4ftsalltag verf\u00fcgen wir \u00fcber die n\u00f6tige Distanz und Erfahrung, um Strategien, Strukturen und Abl\u00e4ufe \u00fcberpr\u00fcfen und optimieren zu k\u00f6nnen. \u00dcberlegen Sie sich, Ihren Betrieb zu restrukturieren oder besch\u00e4ftigen Sie sich mit&#8230;<\/p>","protected":false},"author":1,"featured_media":0,"parent":858,"menu_order":4,"comment_status":"closed","ping_status":"closed","template":"","meta":{"_kad_blocks_custom_css":"","_kad_blocks_head_custom_js":"","_kad_blocks_body_custom_js":"","_kad_blocks_footer_custom_js":"","_kad_post_transparent":"","_kad_post_title":"","_kad_post_layout":"","_kad_post_sidebar_id":"","_kad_post_content_style":"","_kad_post_vertical_padding":"","_kad_post_feature":"","_kad_post_feature_position":"","_kad_post_header":false,"_kad_post_footer":false,"_kad_post_classname":"","iawp_total_views":18,"footnotes":""},"class_list":["post-1105","page","type-page","status-publish","hentry"],"taxonomy_info":[],"featured_image_src_large":false,"author_info":{"display_name":"Isabell Buttron","author_link":"https:\/\/www.artax.ch\/en\/author\/artax2punkt0\/"},"comment_info":0,"_links":{"self":[{"href":"https:\/\/www.artax.ch\/en\/wp-json\/wp\/v2\/pages\/1105","targetHints":{"allow":["GET"]}}],"collection":[{"href":"https:\/\/www.artax.ch\/en\/wp-json\/wp\/v2\/pages"}],"about":[{"href":"https:\/\/www.artax.ch\/en\/wp-json\/wp\/v2\/types\/page"}],"author":[{"embeddable":true,"href":"https:\/\/www.artax.ch\/en\/wp-json\/wp\/v2\/users\/1"}],"replies":[{"embeddable":true,"href":"https:\/\/www.artax.ch\/en\/wp-json\/wp\/v2\/comments?post=1105"}],"version-history":[{"count":24,"href":"https:\/\/www.artax.ch\/en\/wp-json\/wp\/v2\/pages\/1105\/revisions"}],"predecessor-version":[{"id":2206,"href":"https:\/\/www.artax.ch\/en\/wp-json\/wp\/v2\/pages\/1105\/revisions\/2206"}],"up":[{"embeddable":true,"href":"https:\/\/www.artax.ch\/en\/wp-json\/wp\/v2\/pages\/858"}],"wp:attachment":[{"href":"https:\/\/www.artax.ch\/en\/wp-json\/wp\/v2\/media?parent=1105"}],"curies":[{"name":"wp","href":"https:\/\/api.w.org\/{rel}","templated":true}]}}