{"id":1103,"date":"2025-09-15T15:50:41","date_gmt":"2025-09-15T13:50:41","guid":{"rendered":"https:\/\/preview.artax.ch\/?page_id=1103"},"modified":"2026-01-29T15:49:20","modified_gmt":"2026-01-29T14:49:20","slug":"steuern","status":"publish","type":"page","link":"https:\/\/www.artax.ch\/en\/start\/steuern\/","title":{"rendered":"Taxes"},"content":{"rendered":"<p>We evaluate all possibilities of saving taxes for you in the private and business context. We make sure that all solutions are approved by the tax authorities.<\/p>\n\n\n\n<h2 class=\"wp-block-heading\">Individuals<\/h2>\n\n\n\n<ul class=\"wp-block-list\">\n<li>Preparation of tax declarations for all cantons<\/li>\n\n\n\n<li>Check of assessments and comprehensive support with appeal procedures<\/li>\n\n\n\n<li>Tax advice and creation of concepts for tax optimization<\/li>\n\n\n\n<li>Special taxes: inheritance, gift, property transfer, and real estate capital gains tax<\/li>\n\n\n\n<li>Comprehensive support with penalty-free voluntary disclosure and penalty tax procedures<\/li>\n<\/ul>\n\n\n\n<p>For a correct preparation of your individual tax declaration we require the documents according to the following checklist:<\/p>\n\n\n\n<p><span class=\"wp-rich-text-font-awesome-icon wp-font-awesome-icon\"><svg aria-hidden=\"true\" focusable=\"false\" data-prefix=\"fas\" data-icon=\"list-check\" class=\"svg-inline--fa fa-list-check\" role=\"img\" xmlns=\"http:\/\/www.w3.org\/2000\/svg\" viewbox=\"0 0 512 512\"><path fill=\"currentColor\" d=\"M133.8 36.3c10.9 7.6 13.5 22.6 5.9 33.4l-56 80c-4.1 5.8-10.5 9.5-17.6 10.1S52 158 47 153L7 113C-2.3 103.6-2.3 88.4 7 79S31.6 69.7 41 79l19.8 19.8 39.6-56.6c7.6-10.9 22.6-13.5 33.4-5.9zm0 160c10.9 7.6 13.5 22.6 5.9 33.4l-56 80c-4.1 5.8-10.5 9.5-17.6 10.1S52 318 47 313L7 273c-9.4-9.4-9.4-24.6 0-33.9s24.6-9.4 33.9 0l19.8 19.8 39.6-56.6c7.6-10.9 22.6-13.5 33.4-5.9zM224 96c0-17.7 14.3-32 32-32l224 0c17.7 0 32 14.3 32 32s-14.3 32-32 32l-224 0c-17.7 0-32-14.3-32-32zm0 160c0-17.7 14.3-32 32-32l224 0c17.7 0 32 14.3 32 32s-14.3 32-32 32l-224 0c-17.7 0-32-14.3-32-32zM160 416c0-17.7 14.3-32 32-32l288 0c17.7 0 32 14.3 32 32s-14.3 32-32 32l-288 0c-17.7 0-32-14.3-32-32zM64 376a40 40 0 1 1 0 80 40 40 0 1 1 0-80z\"><\/path><\/svg><\/span> <a href=\"https:\/\/www.artax.ch\/wp-content\/uploads\/2025\/10\/artax-Checklist-Neutral-E-v3.1.pdf\" data-type=\"attachment\" data-id=\"1707\">Checklist Tax Declaration<\/a><\/p>\n\n\n\n<h2 class=\"wp-block-heading\">Companies<\/h2>\n\n\n\n<ul class=\"wp-block-list\">\n<li>Preparation of tax declarations for all cantons<\/li>\n\n\n\n<li>Check of assessments and comprehensive support with appeal procedures<\/li>\n\n\n\n<li>Preparation of VAT tax declarations and VAT representation (<a href=\"https:\/\/www.artax.ch\/en\/start\/mehrwertsteuer-fiskalvertretung\/\" data-type=\"page\" data-id=\"1007\">more<\/a>)<\/li>\n\n\n\n<li>Tax advice and creation of concepts for tax optimization<\/li>\n\n\n\n<li>Negotiation of tax rulings for business transactions, succession planning and transfer pricing<\/li>\n\n\n\n<li>Fiscal optimization of corporate-, group- and holding structures<\/li>\n\n\n\n<li>Evaluation of tax domicils<\/li>\n<\/ul>\n\n\n\n<h2 class=\"wp-block-heading\">Taxes in the international context<\/h2>\n\n\n\n<ul class=\"wp-block-list\">\n<li>Preparation of cross-border tax declarations CH\/D\/F for cross-border commuters, international commuters and individuals liable to tax at source<\/li>\n\n\n\n<li>Preparation of relocation tax returns (entry and exit tax declarations)<\/li>\n\n\n\n<li>Recovery and crediting of foreign withholding taxes<\/li>\n\n\n\n<li>Standardized tax service packages for employees of national and international companies<\/li>\n<\/ul>\n\n\n\n<p class=\"translation-block\">If necessary we consult with our trusted <a href=\"https:\/\/www.artax.ch\/en\/start\/grenzueberschreitende-zusammenarbeit\/\" data-type=\"page\" data-id=\"1698\" target=\"_self\">partners in Germany and France<\/a>.<\/p>\n\n\n\n<h2 class=\"wp-block-heading\">Your contact for tax matters<\/h2>\n\n\n\n<div class=\"wp-block-columns is-layout-flex wp-container-core-columns-is-layout-9d6595d7 wp-block-columns-is-layout-flex\">\n<div class=\"wp-block-column is-layout-flow wp-block-column-is-layout-flow\" style=\"flex-basis:150px\">\n<figure class=\"wp-block-image size-full\"><img loading=\"lazy\" decoding=\"async\" width=\"100\" height=\"133\" src=\"https:\/\/www.artax.ch\/wp-content\/uploads\/2025\/09\/image-PKA.png\" alt=\"image pka\" class=\"wp-image-1083\" title=\"Taxes\" srcset=\"https:\/\/www.artax.ch\/wp-content\/uploads\/2025\/09\/image-PKA.png 100w, https:\/\/www.artax.ch\/wp-content\/uploads\/2025\/09\/image-PKA-9x12.png 9w\" sizes=\"auto, (max-width: 100px) 100vw, 100px\" \/><\/figure>\n<\/div>\n\n\n\n<div class=\"wp-block-column is-layout-flow wp-block-column-is-layout-flow\">\n<h3 class=\"wp-block-heading\">Patrizia Kaufhold<\/h3>\n\n\n\n<p>Certified Fiduciary Specialist<br>Real Estate Tax Specialist<br>Phone: <a href=\"tel:41612256666\">+41 61 225 66 66<\/a><\/p>\n<\/div>\n<\/div>\n\n\n\n<div style=\"height:90px\" aria-hidden=\"true\" class=\"wp-block-spacer\"><\/div>\n\n\n\n<p><\/p>","protected":false},"excerpt":{"rendered":"<p>F\u00fcr Ihren finanziellen Vorteil loten wir alle steuerlichen M\u00f6glichkeiten aus, die sich Ihnen auf privater und gesch\u00e4ftlicher Ebene bieten. Durch unseren professionellen Service sind wir daf\u00fcr besorgt, dass Sie keine Schwierigkeiten mit den Steuerbeh\u00f6rden erfahren. Privatpersonen F\u00fcr die korrekte Erstellung Ihrer privaten Steuererkl\u00e4rung ben\u00f6tigen wir die Unterlagen gem\u00e4ss nachfolgender Checkliste: Checkliste Steuererkl\u00e4rung Unternehmen Steuern im&#8230;<\/p>","protected":false},"author":1,"featured_media":0,"parent":858,"menu_order":1,"comment_status":"closed","ping_status":"closed","template":"","meta":{"_kad_blocks_custom_css":"","_kad_blocks_head_custom_js":"","_kad_blocks_body_custom_js":"","_kad_blocks_footer_custom_js":"","_kad_post_transparent":"","_kad_post_title":"","_kad_post_layout":"","_kad_post_sidebar_id":"","_kad_post_content_style":"","_kad_post_vertical_padding":"","_kad_post_feature":"","_kad_post_feature_position":"","_kad_post_header":false,"_kad_post_footer":false,"_kad_post_classname":"","iawp_total_views":51,"footnotes":""},"class_list":["post-1103","page","type-page","status-publish","hentry"],"taxonomy_info":[],"featured_image_src_large":false,"author_info":{"display_name":"Isabell Buttron","author_link":"https:\/\/www.artax.ch\/en\/author\/artax2punkt0\/"},"comment_info":0,"_links":{"self":[{"href":"https:\/\/www.artax.ch\/en\/wp-json\/wp\/v2\/pages\/1103","targetHints":{"allow":["GET"]}}],"collection":[{"href":"https:\/\/www.artax.ch\/en\/wp-json\/wp\/v2\/pages"}],"about":[{"href":"https:\/\/www.artax.ch\/en\/wp-json\/wp\/v2\/types\/page"}],"author":[{"embeddable":true,"href":"https:\/\/www.artax.ch\/en\/wp-json\/wp\/v2\/users\/1"}],"replies":[{"embeddable":true,"href":"https:\/\/www.artax.ch\/en\/wp-json\/wp\/v2\/comments?post=1103"}],"version-history":[{"count":17,"href":"https:\/\/www.artax.ch\/en\/wp-json\/wp\/v2\/pages\/1103\/revisions"}],"predecessor-version":[{"id":2094,"href":"https:\/\/www.artax.ch\/en\/wp-json\/wp\/v2\/pages\/1103\/revisions\/2094"}],"up":[{"embeddable":true,"href":"https:\/\/www.artax.ch\/en\/wp-json\/wp\/v2\/pages\/858"}],"wp:attachment":[{"href":"https:\/\/www.artax.ch\/en\/wp-json\/wp\/v2\/media?parent=1103"}],"curies":[{"name":"wp","href":"https:\/\/api.w.org\/{rel}","templated":true}]}}