{"id":1007,"date":"2025-09-07T12:34:47","date_gmt":"2025-09-07T10:34:47","guid":{"rendered":"https:\/\/preview.artax.ch\/?page_id=1007"},"modified":"2026-01-18T15:25:12","modified_gmt":"2026-01-18T14:25:12","slug":"mehrwertsteuer-fiskalvertretung","status":"publish","type":"page","link":"https:\/\/www.artax.ch\/de\/start\/mehrwertsteuer-fiskalvertretung\/","title":{"rendered":"Mehrwertsteuer und Fiskalvertretung"},"content":{"rendered":"\n<h2 class=\"wp-block-heading\">Mehrwertsteuer<\/h2>\n\n\n\n<p>Die Mehrwertsteuer (MWST) existiert in der Schweiz erst seit 1995, wir sind aber unterdessen schon bei der dritten komplett neuen gesetzlichen Regelung mit jeweils tausenden von Seiten Ausf\u00fchrungsbestimmungen angelangt. Die MWST ist nicht nur eine formell sehr komplexe Angelegenheit, sondern sie greift auch tief in Ihre Finanzprozesse ein, da sie fast jeden Gesch\u00e4ftsvorfall, jede erhaltene oder gestellte Rechnung und dadurch einen Grossteil Ihrer Finanztransaktionen betrifft. Damit hat sich die MWST immer mehr zu einem eigenen Themenbereich an der Schnittstelle zwischen Rechnungswesen und Steuern entwickelt.<\/p>\n\n\n\n<h2 class=\"wp-block-heading\">MWST-Dienstleistungen<\/h2>\n\n\n\n<ul class=\"wp-block-list\">\n<li>Erstellung von MWST-Abrechnungen<\/li>\n\n\n\n<li>Optimierung Ihrer Steuersituation durch Wahl der geeigneten Abrechnungsmethode und ggf. Nutzung weiterer Wahlrechte<\/li>\n\n\n\n<li>Pr\u00fcfung und Optimierung Ihres Rechnungswesens auf MWST-Konformit\u00e4t<\/li>\n\n\n\n<li>Umsatzabstimmungen und Finalisierungsabrechnungen<\/li>\n\n\n\n<li>Begleitung von MWST-Revisionen<\/li>\n\n\n\n<li>Fiskalvertretung f\u00fcr ausl\u00e4ndische Unternehmen mit MWST-Pflicht in der Schweiz<\/li>\n\n\n\n<li>Beurteilung und Abkl\u00e4rung von komplexen MWST-Fragestellungen &#8211; bei grenz\u00fcberschreitenden Sachverhalten in Zusammenarbeit mit unseren ausl\u00e4ndischen Morison Global-Partnern<\/li>\n\n\n\n<li>Vorsteuerverg\u00fctungsantr\u00e4ge f\u00fcr ausl\u00e4ndische Unternehmen<\/li>\n<\/ul>\n\n\n\n<p><span class=\"wp-rich-text-font-awesome-icon wp-font-awesome-icon\"><svg aria-hidden=\"true\" focusable=\"false\" data-prefix=\"fas\" data-icon=\"newspaper\" class=\"svg-inline--fa fa-newspaper \" role=\"img\" xmlns=\"http:\/\/www.w3.org\/2000\/svg\" viewBox=\"0 0 512 512\"><path fill=\"currentColor\" d=\"M0 416L0 120c0-13.3 10.7-24 24-24s24 10.7 24 24l0 288c0 13.3 10.7 24 24 24s24-10.7 24-24L96 96c0-35.3 28.7-64 64-64l288 0c35.3 0 64 28.7 64 64l0 320c0 35.3-28.7 64-64 64L64 480c-35.3 0-64-28.7-64-64zM160 128l0 64c0 17.7 14.3 32 32 32l64 0c17.7 0 32-14.3 32-32l0-64c0-17.7-14.3-32-32-32l-64 0c-17.7 0-32 14.3-32 32zm24 240c-13.3 0-24 10.7-24 24s10.7 24 24 24l240 0c13.3 0 24-10.7 24-24s-10.7-24-24-24l-240 0zm-24-72c0 13.3 10.7 24 24 24l240 0c13.3 0 24-10.7 24-24s-10.7-24-24-24l-240 0c-13.3 0-24 10.7-24 24zM360 176c-13.3 0-24 10.7-24 24s10.7 24 24 24l64 0c13.3 0 24-10.7 24-24s-10.7-24-24-24l-64 0z\"><\/path><\/svg><\/span> <a href=\"https:\/\/www.artax.ch\/wp-content\/uploads\/2025\/10\/MWST-Konforme-Rechnung.pdf\" data-type=\"attachment\" data-id=\"1725\" target=\"_blank\" rel=\"noreferrer noopener\">Sind Ihre Rechnungen MWST-konform?<\/a><br><span class=\"wp-rich-text-font-awesome-icon wp-font-awesome-icon\"><svg aria-hidden=\"true\" focusable=\"false\" data-prefix=\"fas\" data-icon=\"newspaper\" class=\"svg-inline--fa fa-newspaper \" role=\"img\" xmlns=\"http:\/\/www.w3.org\/2000\/svg\" viewBox=\"0 0 512 512\"><path fill=\"currentColor\" d=\"M0 416L0 120c0-13.3 10.7-24 24-24s24 10.7 24 24l0 288c0 13.3 10.7 24 24 24s24-10.7 24-24L96 96c0-35.3 28.7-64 64-64l288 0c35.3 0 64 28.7 64 64l0 320c0 35.3-28.7 64-64 64L64 480c-35.3 0-64-28.7-64-64zM160 128l0 64c0 17.7 14.3 32 32 32l64 0c17.7 0 32-14.3 32-32l0-64c0-17.7-14.3-32-32-32l-64 0c-17.7 0-32 14.3-32 32zm24 240c-13.3 0-24 10.7-24 24s10.7 24 24 24l240 0c13.3 0 24-10.7 24-24s-10.7-24-24-24l-240 0zm-24-72c0 13.3 10.7 24 24 24l240 0c13.3 0 24-10.7 24-24s-10.7-24-24-24l-240 0c-13.3 0-24 10.7-24 24zM360 176c-13.3 0-24 10.7-24 24s10.7 24 24 24l64 0c13.3 0 24-10.7 24-24s-10.7-24-24-24l-64 0z\"><\/path><\/svg><\/span> <a href=\"https:\/\/www.artax.ch\/wp-content\/uploads\/2025\/10\/Haben-Sie-die-Bezugssteuer-im-Griff.pdf\" data-type=\"attachment\" data-id=\"1724\" target=\"_blank\" rel=\"noreferrer noopener\">MWST &#8211; Haben Sie die Bezugssteuer im Griff?<\/a><\/p>\n\n\n\n<h2 class=\"wp-block-heading\">MWST-Fiskalvertretung f\u00fcr ausl\u00e4ndische Versandh\u00e4ndler<\/h2>\n\n\n\n<p>Ab 01.01.2019 sind ausl\u00e4ndische Versandh\u00e4ndler in gewissen F\u00e4llen verpflichtet, sich f\u00fcr die Schweizer MWST zu registrieren. Aber selbst wenn Sie noch nicht davon betroffen sind, kann sich eine freiwillige Registrierung lohnen: Ohne MWST-Registrierung wird die Post Ihre Pakete verzollen und die angefallenen Z\u00f6lle und Mehrwertsteuern zusammen mit einer Bearbeitungsgeb\u00fchr per Nachnahme vom Empf\u00e4nger einkassieren. Dadurch wird die Bestellung f\u00fcr Ihre Kunden unberechenbar und, gerade bei kleineren Lieferungen, unverh\u00e4ltnism\u00e4ssig teuer. Wenn Sie Ihren Kunden diese Umtriebe ersparen m\u00f6chten, k\u00f6nnen Sie sich mit Hilfe eines Fiskalvertreters f\u00fcr die schweizerische MWST registrieren, die Waren per Sammelverzollung in eigenem Namen einf\u00fchren und Ihren Kunden verzollt und ohne weitere Umtriebe liefern. Damit haben Sie einen Wettbewerbsvorteil auf dem \u00e4usserst kaufkr\u00e4ftigen und attraktiven Schweizer Markt.<\/p>\n\n\n\n<p>artax verf\u00fcgt \u00fcber grosse Erfahrung als Fiskalvertreter, und wir d\u00fcrfen einige der gr\u00f6ssten europ\u00e4ischen Versandh\u00e4ndler auf diesem Gebiet unterst\u00fctzen. Zu unserem Dienstleistungspaket geh\u00f6rt alles was Sie daf\u00fcr brauchen:<\/p>\n\n\n\n<ul class=\"wp-block-list\">\n<li>Registrierung bei der schweizerischen MWST<\/li>\n\n\n\n<li>Erlangung der Bewilligung zur Einfuhr in eigenem Namen<\/li>\n\n\n\n<li>Vertretung gegen\u00fcber den schweizerischen Steuer- und Zollbeh\u00f6rden (gesetzlich vorgeschrieben)<\/li>\n\n\n\n<li>Erstellung der quartalsweisen Abrechnungen in Zusammenarbeit mit Ihrem internen Rechnungswesen<\/li>\n\n\n\n<li>Er\u00f6ffnung und Betrieb Ihres ZAZ-Zollabrechnungskontos<\/li>\n\n\n\n<li>Vollelektronische Verwaltung und Archivierung Ihrer Einfuhrzollbelege mittels der f\u00fchrenden Softwarel\u00f6sung declareit Dutax unseres Partners SISA<\/li>\n<\/ul>\n\n\n\n<p>Die Lieferung und Verzollung sowie bei Bedarf die Retourenabwicklung erfolgen dabei durch unsere ausgew\u00e4hlten Logistikpartner oder den Spediteur Ihrer Wahl.<\/p>\n\n\n\n<h2 class=\"wp-block-heading\">Ihr Ansprechpartner zum Thema Mehrwertsteuer und Fiskalvertretung<\/h2>\n\n\n\n<div class=\"wp-block-columns is-layout-flex wp-container-core-columns-is-layout-9d6595d7 wp-block-columns-is-layout-flex\">\n<div class=\"wp-block-column is-layout-flow wp-block-column-is-layout-flow\" style=\"flex-basis:150px\">\n<figure class=\"wp-block-image size-full\"><img loading=\"lazy\" decoding=\"async\" width=\"100\" height=\"133\" src=\"https:\/\/www.artax.ch\/wp-content\/uploads\/2025\/09\/image-UF.png\" alt=\"image uf\" class=\"wp-image-1074\" title=\"Mehrwertsteuer und Fiskalvertretung\" srcset=\"https:\/\/www.artax.ch\/wp-content\/uploads\/2025\/09\/image-UF.png 100w, https:\/\/www.artax.ch\/wp-content\/uploads\/2025\/09\/image-UF-9x12.png 9w\" sizes=\"auto, (max-width: 100px) 100vw, 100px\" \/><\/figure>\n<\/div>\n\n\n\n<div class=\"wp-block-column is-layout-flow wp-block-column-is-layout-flow\">\n<h3 class=\"wp-block-heading\">Urs Fischer<\/h3>\n\n\n\n<p>lic.rer.pol.<br>Treuh\u00e4nder \/ MWST-Spezialist STS<br>Zugelassener Revisor RAB<br>Telefon: <a href=\"tel:41612256666\">+41 61 225 66 66<\/a><\/p>\n<\/div>\n<\/div>\n\n\n\n<div style=\"height:90px\" aria-hidden=\"true\" class=\"wp-block-spacer\"><\/div>\n","protected":false},"excerpt":{"rendered":"<p>Mehrwertsteuer Die Mehrwertsteuer (MWST) existiert in der Schweiz erst seit 1995, wir sind aber unterdessen schon bei der dritten komplett neuen gesetzlichen Regelung mit jeweils tausenden von Seiten Ausf\u00fchrungsbestimmungen angelangt. Die MWST ist nicht nur eine formell sehr komplexe Angelegenheit, sondern sie greift auch tief in Ihre Finanzprozesse ein, da sie fast jeden Gesch\u00e4ftsvorfall, jede&#8230;<\/p>\n","protected":false},"author":1,"featured_media":0,"parent":858,"menu_order":3,"comment_status":"closed","ping_status":"closed","template":"","meta":{"_kad_blocks_custom_css":"","_kad_blocks_head_custom_js":"","_kad_blocks_body_custom_js":"","_kad_blocks_footer_custom_js":"","_kad_post_transparent":"","_kad_post_title":"","_kad_post_layout":"","_kad_post_sidebar_id":"","_kad_post_content_style":"","_kad_post_vertical_padding":"","_kad_post_feature":"","_kad_post_feature_position":"","_kad_post_header":false,"_kad_post_footer":false,"_kad_post_classname":"","iawp_total_views":9,"footnotes":""},"class_list":["post-1007","page","type-page","status-publish","hentry"],"taxonomy_info":[],"featured_image_src_large":false,"author_info":{"display_name":"Isabell Buttron","author_link":"https:\/\/www.artax.ch\/de\/author\/artax2punkt0\/"},"comment_info":0,"_links":{"self":[{"href":"https:\/\/www.artax.ch\/de\/wp-json\/wp\/v2\/pages\/1007","targetHints":{"allow":["GET"]}}],"collection":[{"href":"https:\/\/www.artax.ch\/de\/wp-json\/wp\/v2\/pages"}],"about":[{"href":"https:\/\/www.artax.ch\/de\/wp-json\/wp\/v2\/types\/page"}],"author":[{"embeddable":true,"href":"https:\/\/www.artax.ch\/de\/wp-json\/wp\/v2\/users\/1"}],"replies":[{"embeddable":true,"href":"https:\/\/www.artax.ch\/de\/wp-json\/wp\/v2\/comments?post=1007"}],"version-history":[{"count":11,"href":"https:\/\/www.artax.ch\/de\/wp-json\/wp\/v2\/pages\/1007\/revisions"}],"predecessor-version":[{"id":2030,"href":"https:\/\/www.artax.ch\/de\/wp-json\/wp\/v2\/pages\/1007\/revisions\/2030"}],"up":[{"embeddable":true,"href":"https:\/\/www.artax.ch\/de\/wp-json\/wp\/v2\/pages\/858"}],"wp:attachment":[{"href":"https:\/\/www.artax.ch\/de\/wp-json\/wp\/v2\/media?parent=1007"}],"curies":[{"name":"wp","href":"https:\/\/api.w.org\/{rel}","templated":true}]}}